{"id":8191,"date":"2022-11-09T17:37:02","date_gmt":"2022-11-09T15:37:02","guid":{"rendered":"https:\/\/bigv.be\/?page_id=8191"},"modified":"2022-11-16T21:20:51","modified_gmt":"2022-11-16T19:20:51","slug":"merci","status":"publish","type":"page","link":"https:\/\/bigv.be\/fr\/merci\/","title":{"rendered":"Merci"},"content":{"rendered":"\t\t<div data-elementor-type=\"wp-page\" data-elementor-id=\"8191\" class=\"elementor elementor-8191 elementor-7965\" data-elementor-post-type=\"page\">\n\t\t\t\t\t\t<section class=\"elementor-section elementor-top-section elementor-element elementor-element-e178ad9 elementor-section-height-min-height elementor-section-boxed elementor-section-height-default elementor-section-items-middle\" data-id=\"e178ad9\" data-element_type=\"section\">\n\t\t\t\t\t\t<div class=\"elementor-container elementor-column-gap-default\">\n\t\t\t\t\t<div class=\"elementor-column elementor-col-100 elementor-top-column elementor-element elementor-element-e1513a7\" data-id=\"e1513a7\" data-element_type=\"column\">\n\t\t\t<div class=\"elementor-widget-wrap elementor-element-populated\">\n\t\t\t\t\t\t<div class=\"elementor-element elementor-element-43b0590 elementor-widget elementor-widget-heading\" data-id=\"43b0590\" data-element_type=\"widget\" data-widget_type=\"heading.default\">\n\t\t\t\t<div class=\"elementor-widget-container\">\n\t\t\t<h1 class=\"elementor-heading-title elementor-size-default elementor-heading-title elementor-align-after-center\"><span data-bottom-top=\"@class:noactive\" data--100-bottom=\"@class:active\">Merci!<\/span><\/h1>\t\t<\/div>\n\t\t\t\t<\/div>\n\t\t\t\t<div class=\"elementor-element elementor-element-f738f6d elementor-widget elementor-widget-text-editor\" data-id=\"f738f6d\" data-element_type=\"widget\" data-widget_type=\"text-editor.default\">\n\t\t\t\t<div class=\"elementor-widget-container\">\n\t\t\t\t\t\t\t<p><strong>Nous avons bien re\u00e7u votre demande et nous la traiterons dans les meilleurs d\u00e9lais.\u00a0<\/strong><\/p><p>Si vous ne recevez pas de message en retour, n&#8217;h\u00e9sitez pas \u00e0 nous contacter \u00e0 l&#8217;adresse suivante <a href=\"mailto:info@bigv.be\">info@bigv.be<\/a><\/p>\t\t\t\t\t\t<\/div>\n\t\t\t\t<\/div>\n\t\t\t\t<div class=\"elementor-element elementor-element-cb06058 elementor-widget elementor-widget-sm-default-button\" data-id=\"cb06058\" data-element_type=\"widget\" data-widget_type=\"sm-default-button.default\">\n\t\t\t\t<div class=\"elementor-widget-container\">\n\t\t\t\n\t\t\t\t\t<a  href=\"https:\/\/bigv.be\/fr\/https:\/\/bigv.be\/fr\"\n\t\t\t\t class=\"elementor-button elementor-repeater-item-379f632 btn  \"><span>Retrour<\/span><i class=\"ti ti-arrow-right\"><\/i><\/a>\n\t\t\t\t\t<\/div>\n\t\t\t\t<\/div>\n\t\t\t\t\t<\/div>\n\t\t<\/div>\n\t\t\t\t\t<\/div>\n\t\t<\/section>\n\t\t\t\t<\/div>\n\t\t","protected":false},"excerpt":{"rendered":"<p>Merci! Nous avons bien re\u00e7u votre demande et nous la traiterons dans les meilleurs d\u00e9lais.\u00a0 Si vous ne&#8230;<\/p>\n","protected":false},"author":1,"featured_media":0,"parent":0,"menu_order":0,"comment_status":"closed","ping_status":"closed","template":"","meta":{"_acf_changed":false,"inline_featured_image":false,"footnotes":""},"class_list":["post-8191","page","type-page","status-publish","hentry"],"acf":[],"yoast_head":"<!-- This site is optimized with the Yoast SEO plugin v27.0 - https:\/\/yoast.com\/product\/yoast-seo-wordpress\/ -->\n<title>Merci - B.I.G.V.<\/title>\n<meta name=\"robots\" content=\"noindex, nofollow\" \/>\n<meta property=\"og:locale\" content=\"fr_FR\" \/>\n<meta property=\"og:type\" content=\"article\" \/>\n<meta property=\"og:title\" content=\"Merci - B.I.G.V.\" \/>\n<meta property=\"og:description\" content=\"Merci! Nous avons bien re\u00e7u votre demande et nous la traiterons dans les meilleurs d\u00e9lais.\u00a0 Si vous ne...\" \/>\n<meta property=\"og:url\" content=\"https:\/\/bigv.be\/fr\/merci\/\" \/>\n<meta property=\"og:site_name\" content=\"B.I.G.V.\" \/>\n<meta property=\"article:modified_time\" content=\"2022-11-16T19:20:51+00:00\" \/>\n<meta name=\"twitter:card\" content=\"summary_large_image\" \/>\n<meta name=\"twitter:label1\" content=\"Dur\u00e9e de lecture est.\" \/>\n\t<meta name=\"twitter:data1\" content=\"1 minute\" \/>\n<script type=\"application\/ld+json\" class=\"yoast-schema-graph\">{\"@context\":\"https:\/\/schema.org\",\"@graph\":[{\"@type\":\"WebPage\",\"@id\":\"https:\/\/bigv.be\/fr\/merci\/\",\"url\":\"https:\/\/bigv.be\/fr\/merci\/\",\"name\":\"Merci - B.I.G.V.\",\"isPartOf\":{\"@id\":\"https:\/\/bigv.be\/fr\/#website\"},\"datePublished\":\"2022-11-09T15:37:02+00:00\",\"dateModified\":\"2022-11-16T19:20:51+00:00\",\"breadcrumb\":{\"@id\":\"https:\/\/bigv.be\/fr\/merci\/#breadcrumb\"},\"inLanguage\":\"fr-BE\",\"potentialAction\":[{\"@type\":\"ReadAction\",\"target\":[\"https:\/\/bigv.be\/fr\/merci\/\"]}]},{\"@type\":\"BreadcrumbList\",\"@id\":\"https:\/\/bigv.be\/fr\/merci\/#breadcrumb\",\"itemListElement\":[{\"@type\":\"ListItem\",\"position\":1,\"name\":\"Home\",\"item\":\"https:\/\/bigv.be\/fr\/\"},{\"@type\":\"ListItem\",\"position\":2,\"name\":\"Merci\"}]},{\"@type\":\"WebSite\",\"@id\":\"https:\/\/bigv.be\/fr\/#website\",\"url\":\"https:\/\/bigv.be\/fr\/\",\"name\":\"B.I.G.V\",\"description\":\"Belgisch Instituut Geweldloos Verzet\",\"publisher\":{\"@id\":\"https:\/\/bigv.be\/fr\/#organization\"},\"alternateName\":\"Het Belgisch Instituut voor Geweldloos Verzet\",\"potentialAction\":[{\"@type\":\"SearchAction\",\"target\":{\"@type\":\"EntryPoint\",\"urlTemplate\":\"https:\/\/bigv.be\/fr\/?s={search_term_string}\"},\"query-input\":{\"@type\":\"PropertyValueSpecification\",\"valueRequired\":true,\"valueName\":\"search_term_string\"}}],\"inLanguage\":\"fr-BE\"},{\"@type\":\"Organization\",\"@id\":\"https:\/\/bigv.be\/fr\/#organization\",\"name\":\"B.I.G.V\",\"alternateName\":\"Het Belgisch Instituut voor Geweldloos Verzet\",\"url\":\"https:\/\/bigv.be\/fr\/\",\"logo\":{\"@type\":\"ImageObject\",\"inLanguage\":\"fr-BE\",\"@id\":\"https:\/\/bigv.be\/fr\/#\/schema\/logo\/image\/\",\"url\":\"https:\/\/bigv.be\/wp-content\/uploads\/2022\/09\/logo_bigv.png\",\"contentUrl\":\"https:\/\/bigv.be\/wp-content\/uploads\/2022\/09\/logo_bigv.png\",\"width\":910,\"height\":538,\"caption\":\"B.I.G.V\"},\"image\":{\"@id\":\"https:\/\/bigv.be\/fr\/#\/schema\/logo\/image\/\"}}]}<\/script>\n<!-- \/ Yoast SEO plugin. -->","yoast_head_json":{"title":"Merci - B.I.G.V.","robots":{"index":"noindex","follow":"nofollow"},"og_locale":"fr_FR","og_type":"article","og_title":"Merci - B.I.G.V.","og_description":"Merci! Nous avons bien re\u00e7u votre demande et nous la traiterons dans les meilleurs d\u00e9lais.\u00a0 Si vous ne...","og_url":"https:\/\/bigv.be\/fr\/merci\/","og_site_name":"B.I.G.V.","article_modified_time":"2022-11-16T19:20:51+00:00","twitter_card":"summary_large_image","twitter_misc":{"Dur\u00e9e de lecture est.":"1 minute"},"schema":{"@context":"https:\/\/schema.org","@graph":[{"@type":"WebPage","@id":"https:\/\/bigv.be\/fr\/merci\/","url":"https:\/\/bigv.be\/fr\/merci\/","name":"Merci - B.I.G.V.","isPartOf":{"@id":"https:\/\/bigv.be\/fr\/#website"},"datePublished":"2022-11-09T15:37:02+00:00","dateModified":"2022-11-16T19:20:51+00:00","breadcrumb":{"@id":"https:\/\/bigv.be\/fr\/merci\/#breadcrumb"},"inLanguage":"fr-BE","potentialAction":[{"@type":"ReadAction","target":["https:\/\/bigv.be\/fr\/merci\/"]}]},{"@type":"BreadcrumbList","@id":"https:\/\/bigv.be\/fr\/merci\/#breadcrumb","itemListElement":[{"@type":"ListItem","position":1,"name":"Home","item":"https:\/\/bigv.be\/fr\/"},{"@type":"ListItem","position":2,"name":"Merci"}]},{"@type":"WebSite","@id":"https:\/\/bigv.be\/fr\/#website","url":"https:\/\/bigv.be\/fr\/","name":"B.I.G.V","description":"Belgisch Instituut Geweldloos Verzet","publisher":{"@id":"https:\/\/bigv.be\/fr\/#organization"},"alternateName":"Het Belgisch Instituut voor Geweldloos Verzet","potentialAction":[{"@type":"SearchAction","target":{"@type":"EntryPoint","urlTemplate":"https:\/\/bigv.be\/fr\/?s={search_term_string}"},"query-input":{"@type":"PropertyValueSpecification","valueRequired":true,"valueName":"search_term_string"}}],"inLanguage":"fr-BE"},{"@type":"Organization","@id":"https:\/\/bigv.be\/fr\/#organization","name":"B.I.G.V","alternateName":"Het Belgisch Instituut voor Geweldloos Verzet","url":"https:\/\/bigv.be\/fr\/","logo":{"@type":"ImageObject","inLanguage":"fr-BE","@id":"https:\/\/bigv.be\/fr\/#\/schema\/logo\/image\/","url":"https:\/\/bigv.be\/wp-content\/uploads\/2022\/09\/logo_bigv.png","contentUrl":"https:\/\/bigv.be\/wp-content\/uploads\/2022\/09\/logo_bigv.png","width":910,"height":538,"caption":"B.I.G.V"},"image":{"@id":"https:\/\/bigv.be\/fr\/#\/schema\/logo\/image\/"}}]}},"_links":{"self":[{"href":"https:\/\/bigv.be\/fr\/wp-json\/wp\/v2\/pages\/8191","targetHints":{"allow":["GET"]}}],"collection":[{"href":"https:\/\/bigv.be\/fr\/wp-json\/wp\/v2\/pages"}],"about":[{"href":"https:\/\/bigv.be\/fr\/wp-json\/wp\/v2\/types\/page"}],"author":[{"embeddable":true,"href":"https:\/\/bigv.be\/fr\/wp-json\/wp\/v2\/users\/1"}],"replies":[{"embeddable":true,"href":"https:\/\/bigv.be\/fr\/wp-json\/wp\/v2\/comments?post=8191"}],"version-history":[{"count":0,"href":"https:\/\/bigv.be\/fr\/wp-json\/wp\/v2\/pages\/8191\/revisions"}],"wp:attachment":[{"href":"https:\/\/bigv.be\/fr\/wp-json\/wp\/v2\/media?parent=8191"}],"curies":[{"name":"wp","href":"https:\/\/api.w.org\/{rel}","templated":true}]}}