{"id":7921,"date":"2019-03-11T10:53:21","date_gmt":"2019-03-11T08:53:21","guid":{"rendered":"https:\/\/bigv.be\/?page_id=7921"},"modified":"2022-11-22T15:57:32","modified_gmt":"2022-11-22T13:57:32","slug":"literatuurlijst","status":"publish","type":"page","link":"https:\/\/bigv.be\/fr\/literatuurlijst\/","title":{"rendered":"Liste des publications"},"content":{"rendered":"\t\t<div data-elementor-type=\"wp-post\" data-elementor-id=\"7921\" class=\"elementor elementor-7921 elementor-605\" data-elementor-post-type=\"page\">\n\t\t\t\t\t\t<section class=\"elementor-section elementor-top-section elementor-element elementor-element-1204d1d elementor-section-boxed elementor-section-height-default elementor-section-height-default\" data-id=\"1204d1d\" data-element_type=\"section\" data-settings=\"{&quot;background_background&quot;:&quot;classic&quot;}\">\n\t\t\t\t\t\t\t<div class=\"elementor-background-overlay\"><\/div>\n\t\t\t\t\t\t\t<div class=\"elementor-container elementor-column-gap-default\">\n\t\t\t\t\t<div class=\"elementor-column elementor-col-100 elementor-top-column elementor-element elementor-element-6a9de79\" data-id=\"6a9de79\" data-element_type=\"column\">\n\t\t\t<div class=\"elementor-widget-wrap elementor-element-populated\">\n\t\t\t\t\t\t<div class=\"elementor-element elementor-element-4d8f146 elementor-align-center elementor-tablet-align-left elementor-widget elementor-widget-breadcrumbs\" data-id=\"4d8f146\" data-element_type=\"widget\" data-widget_type=\"breadcrumbs.default\">\n\t\t\t\t<div class=\"elementor-widget-container\">\n\t\t\t<p id=\"breadcrumbs\"><span><span><a href=\"https:\/\/bigv.be\/fr\/\">Home<\/a><\/span><\/span><\/p>\t\t<\/div>\n\t\t\t\t<\/div>\n\t\t\t\t<div class=\"elementor-element elementor-element-33e2202 elementor-widget elementor-widget-heading\" data-id=\"33e2202\" data-element_type=\"widget\" data-widget_type=\"heading.default\">\n\t\t\t\t<div class=\"elementor-widget-container\">\n\t\t\t<h2 class=\"elementor-heading-title elementor-size-xl elementor-heading-title elementor-size-xl elementor-align-after-center elementor-align-after-tablet-left\"><span data-bottom-top=\"@class:noactive\" data--100-bottom=\"@class:active\">Liste des publications<\/span><\/h2>\t\t<\/div>\n\t\t\t\t<\/div>\n\t\t\t\t\t<\/div>\n\t\t<\/div>\n\t\t\t\t\t<\/div>\n\t\t<\/section>\n\t\t\t\t<section class=\"elementor-section elementor-top-section elementor-element elementor-element-924f2df elementor-section-content-middle elementor-section-boxed elementor-section-height-default elementor-section-height-default\" data-id=\"924f2df\" data-element_type=\"section\">\n\t\t\t\t\t\t<div class=\"elementor-container elementor-column-gap-no\">\n\t\t\t\t\t<div class=\"elementor-column elementor-col-100 elementor-top-column elementor-element elementor-element-e7328a1\" data-id=\"e7328a1\" data-element_type=\"column\">\n\t\t\t<div class=\"elementor-widget-wrap elementor-element-populated\">\n\t\t\t\t\t\t<div class=\"elementor-element elementor-element-d777804 elementor-widget elementor-widget-text-editor\" data-id=\"d777804\" data-element_type=\"widget\" data-widget_type=\"text-editor.default\">\n\t\t\t\t<div class=\"elementor-widget-container\">\n\t\t\t\t\t\t\t<p>Si vous souhaitez en savoir plus sur les NVR et NA, veuillez consulter notre bibliographie.<br \/>Nous essayons de l&#8217;enrichir r\u00e9guli\u00e8rement.<\/p>\t\t\t\t\t\t<\/div>\n\t\t\t\t<\/div>\n\t\t\t\t\t<\/div>\n\t\t<\/div>\n\t\t\t\t\t<\/div>\n\t\t<\/section>\n\t\t\t\t<section class=\"elementor-section elementor-top-section elementor-element elementor-element-c076c7f elementor-section-boxed elementor-section-height-default elementor-section-height-default\" data-id=\"c076c7f\" data-element_type=\"section\">\n\t\t\t\t\t\t<div class=\"elementor-container elementor-column-gap-default\">\n\t\t\t\t\t<div class=\"elementor-column elementor-col-100 elementor-top-column elementor-element elementor-element-3208984\" data-id=\"3208984\" data-element_type=\"column\">\n\t\t\t<div class=\"elementor-widget-wrap elementor-element-populated\">\n\t\t\t\t\t\t<div class=\"elementor-element elementor-element-94657cf elementor-widget elementor-widget-pdfjs_viewer\" data-id=\"94657cf\" data-element_type=\"widget\" data-widget_type=\"pdfjs_viewer.default\">\n\t\t\t\t<div class=\"elementor-widget-container\">\n\t\t\t<iframe src=\"https:\/\/bigv.be\/wp-content\/plugins\/pdf-viewer-for-elementor\/assets\/pdfjs\/web\/viewer.html?file=https:\/\/bigv.be\/wp-content\/uploads\/2022\/09\/Literature-list-NVR.pdf&amp;embedded=true\" style=\"display: block; margin-left: auto; margin-right: auto; width: 925px; height: 1020px;\" frameborder=\"1\" marginheight=\"0px\" marginwidth=\"0px\" allowfullscreen><\/iframe>\t\t<\/div>\n\t\t\t\t<\/div>\n\t\t\t\t\t<\/div>\n\t\t<\/div>\n\t\t\t\t\t<\/div>\n\t\t<\/section>\n\t\t\t\t<section class=\"elementor-section elementor-top-section elementor-element elementor-element-3cfda22b elementor-section-boxed elementor-section-height-default elementor-section-height-default\" data-id=\"3cfda22b\" data-element_type=\"section\" data-settings=\"{&quot;background_background&quot;:&quot;classic&quot;}\">\n\t\t\t\t\t\t<div class=\"elementor-container elementor-column-gap-default\">\n\t\t\t\t\t<div class=\"elementor-column elementor-col-50 elementor-top-column elementor-element elementor-element-6113f807\" data-id=\"6113f807\" data-element_type=\"column\" data-settings=\"{&quot;background_background&quot;:&quot;classic&quot;}\">\n\t\t\t<div class=\"elementor-widget-wrap elementor-element-populated\">\n\t\t\t\t\t<div class=\"elementor-background-overlay\"><\/div>\n\t\t\t\t\t\t<div class=\"elementor-element elementor-element-54422372 elementor-widget elementor-widget-heading\" data-id=\"54422372\" data-element_type=\"widget\" data-widget_type=\"heading.default\">\n\t\t\t\t<div class=\"elementor-widget-container\">\n\t\t\t<h2 class=\"elementor-heading-title elementor-size-default elementor-heading-title elementor-align-after-right\"><span data-bottom-top=\"@class:noactive\" data--100-bottom=\"@class:active\"><b>Restez inform\u00e9<\/b><\/br>  et inscrivez-vous \u00e0 notre newsletter<\/span><\/h2>\t\t<\/div>\n\t\t\t\t<\/div>\n\t\t\t\t<div class=\"elementor-element elementor-element-11e65f70 elementor-widget elementor-widget-text-editor\" data-id=\"11e65f70\" data-element_type=\"widget\" data-widget_type=\"text-editor.default\">\n\t\t\t\t<div class=\"elementor-widget-container\">\n\t\t\t\t\t\t\t<p>Vous souhaitez \u00eatre tenu au courant de toutes les nouvelles concernant le BIGV et nos cours ?\u00a0<\/p><p>Ensuite, assurez-vous d&#8217;entrer votre nom et votre adresse e-mail ici. Ainsi, vous serez toujours inform\u00e9 des derniers d\u00e9veloppements.\u00a0<\/p>\t\t\t\t\t\t<\/div>\n\t\t\t\t<\/div>\n\t\t\t\t\t<\/div>\n\t\t<\/div>\n\t\t\t\t<div class=\"elementor-column elementor-col-50 elementor-top-column elementor-element elementor-element-279f6ca6\" data-id=\"279f6ca6\" data-element_type=\"column\">\n\t\t\t<div class=\"elementor-widget-wrap elementor-element-populated\">\n\t\t\t\t\t\t<div class=\"elementor-element elementor-element-88d3d69 elementor-invisible elementor-widget elementor-widget-shortcode\" data-id=\"88d3d69\" data-element_type=\"widget\" data-settings=\"{&quot;_animation&quot;:&quot;fadeIn&quot;}\" data-widget_type=\"shortcode.default\">\n\t\t\t\t<div class=\"elementor-widget-container\">\n\t\t\t\t\t<div class=\"elementor-shortcode\"><div class=\"wpforms-container \" id=\"wpforms-8203\"><form id=\"wpforms-form-8203\" class=\"wpforms-validate wpforms-form wpforms-ajax-form\" data-formid=\"8203\" method=\"post\" enctype=\"multipart\/form-data\" action=\"\/fr\/wp-json\/wp\/v2\/pages\/7921\" data-token=\"695ac63bb11d4f895dd743a3562ac6a1\" data-token-time=\"1776684948\"><noscript class=\"wpforms-error-noscript\">Veuillez activer JavaScript dans votre navigateur pour remplir ce formulaire.<\/noscript><div class=\"wpforms-field-container\"><div id=\"wpforms-8203-field_5-container\" class=\"wpforms-field wpforms-field-name\" data-field-id=\"5\"><label class=\"wpforms-field-label\" for=\"wpforms-8203-field_5\">Nom: <span class=\"wpforms-required-label\">*<\/span><\/label><input type=\"text\" id=\"wpforms-8203-field_5\" class=\"wpforms-field-large wpforms-field-required\" name=\"wpforms[fields][5]\" required><\/div><div id=\"wpforms-8203-field_2-container\" class=\"wpforms-field wpforms-field-email\" data-field-id=\"2\"><label class=\"wpforms-field-label\" for=\"wpforms-8203-field_2\">Adresse \u00e9lectronique <span class=\"wpforms-required-label\">*<\/span><\/label><input type=\"email\" id=\"wpforms-8203-field_2\" class=\"wpforms-field-large wpforms-field-required\" name=\"wpforms[fields][2]\" spellcheck=\"false\" required><\/div><div id=\"wpforms-8203-field_8-container\" class=\"wpforms-field wpforms-field-checkbox\" data-field-id=\"8\"><ul id=\"wpforms-8203-field_8\" class=\"wpforms-field-required\"><li class=\"choice-1 depth-1\"><input type=\"checkbox\" id=\"wpforms-8203-field_8_1\" name=\"wpforms[fields][8][]\" value=\"Je consens \u00e0 ce que ce site stocke les informations que j&#039;ai fournies afin qu&#039;il puisse r\u00e9pondre \u00e0 ma demande.\" required ><label class=\"wpforms-field-label-inline\" for=\"wpforms-8203-field_8_1\">Je consens \u00e0 ce que ce site stocke les informations que j'ai fournies afin qu'il puisse r\u00e9pondre \u00e0 ma demande.<\/label><\/li><\/ul><div class=\"wpforms-field-description\">Nous respectons votre vie <a href=\"https:\/\/bigv.be\/nl\/privacy-policy\/\">priv\u00e9e<\/a>. Vos donn\u00e9es seront toujours trait\u00e9es de mani\u00e8re confidentielle.<\/div><\/div><\/div><!-- .wpforms-field-container --><div class=\"wpforms-recaptcha-container wpforms-is-recaptcha wpforms-is-recaptcha-type-v3\" ><input type=\"hidden\" name=\"wpforms[recaptcha]\" value=\"\"><\/div><div class=\"wpforms-submit-container\" ><input type=\"hidden\" name=\"wpforms[id]\" value=\"8203\"><input type=\"hidden\" name=\"page_title\" value=\"\"><input type=\"hidden\" name=\"page_url\" value=\"https:\/\/bigv.be\/fr\/wp-json\/wp\/v2\/pages\/7921\"><input type=\"hidden\" name=\"url_referer\" value=\"\"><button type=\"submit\" name=\"wpforms[submit]\" id=\"wpforms-submit-8203\" class=\"wpforms-submit\" data-alt-text=\"S&#039;inscrire sur...\" data-submit-text=\"Inscrivez-moi \" aria-live=\"assertive\" value=\"wpforms-submit\">Inscrivez-moi <\/button><img decoding=\"async\" src=\"https:\/\/bigv.be\/wp-content\/plugins\/wpforms\/assets\/images\/submit-spin.svg\" class=\"wpforms-submit-spinner\" style=\"display: none;\" width=\"26\" height=\"26\" alt=\"Chargement en cours\"><\/div><\/form><\/div>  <!-- .wpforms-container --><\/div>\n\t\t\t\t<\/div>\n\t\t\t\t<\/div>\n\t\t\t\t\t<\/div>\n\t\t<\/div>\n\t\t\t\t\t<\/div>\n\t\t<\/section>\n\t\t\t\t<\/div>\n\t\t","protected":false},"excerpt":{"rendered":"<p>Liste des publications Si vous souhaitez en savoir plus sur les NVR et NA, veuillez consulter notre bibliographie.Nous&#8230;<\/p>\n","protected":false},"author":1,"featured_media":7622,"parent":0,"menu_order":0,"comment_status":"closed","ping_status":"closed","template":"elementor_header_footer","meta":{"_acf_changed":false,"inline_featured_image":false,"footnotes":""},"class_list":["post-7921","page","type-page","status-publish","has-post-thumbnail","hentry"],"acf":[],"yoast_head":"<!-- This site is optimized with the Yoast SEO plugin v27.0 - https:\/\/yoast.com\/product\/yoast-seo-wordpress\/ -->\n<title>Liste des publications - B.I.G.V.<\/title>\n<meta name=\"robots\" content=\"index, follow, max-snippet:-1, max-image-preview:large, max-video-preview:-1\" \/>\n<link rel=\"canonical\" href=\"https:\/\/bigv.be\/fr\/literatuurlijst\/\" \/>\n<meta property=\"og:locale\" content=\"fr_FR\" \/>\n<meta property=\"og:type\" content=\"article\" \/>\n<meta property=\"og:title\" content=\"Liste des publications - B.I.G.V.\" \/>\n<meta property=\"og:description\" content=\"Liste des publications Si vous souhaitez en savoir plus sur les NVR et NA, veuillez consulter notre bibliographie.Nous...\" \/>\n<meta property=\"og:url\" content=\"https:\/\/bigv.be\/fr\/literatuurlijst\/\" \/>\n<meta property=\"og:site_name\" content=\"B.I.G.V.\" \/>\n<meta property=\"article:modified_time\" content=\"2022-11-22T13:57:32+00:00\" \/>\n<meta property=\"og:image\" content=\"https:\/\/bigv.be\/wp-content\/uploads\/2019\/02\/photo-1470110385011-8c66cb46f0e9-1.jpeg\" \/>\n\t<meta property=\"og:image:width\" content=\"1350\" \/>\n\t<meta property=\"og:image:height\" content=\"900\" \/>\n\t<meta property=\"og:image:type\" content=\"image\/jpeg\" \/>\n<meta name=\"twitter:card\" content=\"summary_large_image\" \/>\n<meta name=\"twitter:label1\" content=\"Dur\u00e9e de lecture est.\" \/>\n\t<meta name=\"twitter:data1\" content=\"1 minute\" \/>\n<script type=\"application\/ld+json\" class=\"yoast-schema-graph\">{\"@context\":\"https:\/\/schema.org\",\"@graph\":[{\"@type\":\"WebPage\",\"@id\":\"https:\/\/bigv.be\/fr\/literatuurlijst\/\",\"url\":\"https:\/\/bigv.be\/fr\/literatuurlijst\/\",\"name\":\"Liste des publications - B.I.G.V.\",\"isPartOf\":{\"@id\":\"https:\/\/bigv.be\/fr\/#website\"},\"primaryImageOfPage\":{\"@id\":\"https:\/\/bigv.be\/fr\/literatuurlijst\/#primaryimage\"},\"image\":{\"@id\":\"https:\/\/bigv.be\/fr\/literatuurlijst\/#primaryimage\"},\"thumbnailUrl\":\"https:\/\/bigv.be\/wp-content\/uploads\/2019\/02\/photo-1470110385011-8c66cb46f0e9-1.jpeg\",\"datePublished\":\"2019-03-11T08:53:21+00:00\",\"dateModified\":\"2022-11-22T13:57:32+00:00\",\"breadcrumb\":{\"@id\":\"https:\/\/bigv.be\/fr\/literatuurlijst\/#breadcrumb\"},\"inLanguage\":\"fr-BE\",\"potentialAction\":[{\"@type\":\"ReadAction\",\"target\":[\"https:\/\/bigv.be\/fr\/literatuurlijst\/\"]}]},{\"@type\":\"ImageObject\",\"inLanguage\":\"fr-BE\",\"@id\":\"https:\/\/bigv.be\/fr\/literatuurlijst\/#primaryimage\",\"url\":\"https:\/\/bigv.be\/wp-content\/uploads\/2019\/02\/photo-1470110385011-8c66cb46f0e9-1.jpeg\",\"contentUrl\":\"https:\/\/bigv.be\/wp-content\/uploads\/2019\/02\/photo-1470110385011-8c66cb46f0e9-1.jpeg\",\"width\":1350,\"height\":900,\"caption\":\"\"},{\"@type\":\"BreadcrumbList\",\"@id\":\"https:\/\/bigv.be\/fr\/literatuurlijst\/#breadcrumb\",\"itemListElement\":[{\"@type\":\"ListItem\",\"position\":1,\"name\":\"Home\",\"item\":\"https:\/\/bigv.be\/fr\/\"},{\"@type\":\"ListItem\",\"position\":2,\"name\":\"Liste des publications\"}]},{\"@type\":\"WebSite\",\"@id\":\"https:\/\/bigv.be\/fr\/#website\",\"url\":\"https:\/\/bigv.be\/fr\/\",\"name\":\"B.I.G.V\",\"description\":\"Belgisch Instituut Geweldloos Verzet\",\"publisher\":{\"@id\":\"https:\/\/bigv.be\/fr\/#organization\"},\"alternateName\":\"Het Belgisch Instituut voor Geweldloos Verzet\",\"potentialAction\":[{\"@type\":\"SearchAction\",\"target\":{\"@type\":\"EntryPoint\",\"urlTemplate\":\"https:\/\/bigv.be\/fr\/?s={search_term_string}\"},\"query-input\":{\"@type\":\"PropertyValueSpecification\",\"valueRequired\":true,\"valueName\":\"search_term_string\"}}],\"inLanguage\":\"fr-BE\"},{\"@type\":\"Organization\",\"@id\":\"https:\/\/bigv.be\/fr\/#organization\",\"name\":\"B.I.G.V\",\"alternateName\":\"Het Belgisch Instituut voor Geweldloos Verzet\",\"url\":\"https:\/\/bigv.be\/fr\/\",\"logo\":{\"@type\":\"ImageObject\",\"inLanguage\":\"fr-BE\",\"@id\":\"https:\/\/bigv.be\/fr\/#\/schema\/logo\/image\/\",\"url\":\"https:\/\/bigv.be\/wp-content\/uploads\/2022\/09\/logo_bigv.png\",\"contentUrl\":\"https:\/\/bigv.be\/wp-content\/uploads\/2022\/09\/logo_bigv.png\",\"width\":910,\"height\":538,\"caption\":\"B.I.G.V\"},\"image\":{\"@id\":\"https:\/\/bigv.be\/fr\/#\/schema\/logo\/image\/\"}}]}<\/script>\n<!-- \/ Yoast SEO plugin. -->","yoast_head_json":{"title":"Liste des publications - B.I.G.V.","robots":{"index":"index","follow":"follow","max-snippet":"max-snippet:-1","max-image-preview":"max-image-preview:large","max-video-preview":"max-video-preview:-1"},"canonical":"https:\/\/bigv.be\/fr\/literatuurlijst\/","og_locale":"fr_FR","og_type":"article","og_title":"Liste des publications - B.I.G.V.","og_description":"Liste des publications Si vous souhaitez en savoir plus sur les NVR et NA, veuillez consulter notre bibliographie.Nous...","og_url":"https:\/\/bigv.be\/fr\/literatuurlijst\/","og_site_name":"B.I.G.V.","article_modified_time":"2022-11-22T13:57:32+00:00","og_image":[{"width":1350,"height":900,"url":"https:\/\/bigv.be\/wp-content\/uploads\/2019\/02\/photo-1470110385011-8c66cb46f0e9-1.jpeg","type":"image\/jpeg"}],"twitter_card":"summary_large_image","twitter_misc":{"Dur\u00e9e de lecture est.":"1 minute"},"schema":{"@context":"https:\/\/schema.org","@graph":[{"@type":"WebPage","@id":"https:\/\/bigv.be\/fr\/literatuurlijst\/","url":"https:\/\/bigv.be\/fr\/literatuurlijst\/","name":"Liste des publications - B.I.G.V.","isPartOf":{"@id":"https:\/\/bigv.be\/fr\/#website"},"primaryImageOfPage":{"@id":"https:\/\/bigv.be\/fr\/literatuurlijst\/#primaryimage"},"image":{"@id":"https:\/\/bigv.be\/fr\/literatuurlijst\/#primaryimage"},"thumbnailUrl":"https:\/\/bigv.be\/wp-content\/uploads\/2019\/02\/photo-1470110385011-8c66cb46f0e9-1.jpeg","datePublished":"2019-03-11T08:53:21+00:00","dateModified":"2022-11-22T13:57:32+00:00","breadcrumb":{"@id":"https:\/\/bigv.be\/fr\/literatuurlijst\/#breadcrumb"},"inLanguage":"fr-BE","potentialAction":[{"@type":"ReadAction","target":["https:\/\/bigv.be\/fr\/literatuurlijst\/"]}]},{"@type":"ImageObject","inLanguage":"fr-BE","@id":"https:\/\/bigv.be\/fr\/literatuurlijst\/#primaryimage","url":"https:\/\/bigv.be\/wp-content\/uploads\/2019\/02\/photo-1470110385011-8c66cb46f0e9-1.jpeg","contentUrl":"https:\/\/bigv.be\/wp-content\/uploads\/2019\/02\/photo-1470110385011-8c66cb46f0e9-1.jpeg","width":1350,"height":900,"caption":""},{"@type":"BreadcrumbList","@id":"https:\/\/bigv.be\/fr\/literatuurlijst\/#breadcrumb","itemListElement":[{"@type":"ListItem","position":1,"name":"Home","item":"https:\/\/bigv.be\/fr\/"},{"@type":"ListItem","position":2,"name":"Liste des publications"}]},{"@type":"WebSite","@id":"https:\/\/bigv.be\/fr\/#website","url":"https:\/\/bigv.be\/fr\/","name":"B.I.G.V","description":"Belgisch Instituut Geweldloos Verzet","publisher":{"@id":"https:\/\/bigv.be\/fr\/#organization"},"alternateName":"Het Belgisch Instituut voor Geweldloos Verzet","potentialAction":[{"@type":"SearchAction","target":{"@type":"EntryPoint","urlTemplate":"https:\/\/bigv.be\/fr\/?s={search_term_string}"},"query-input":{"@type":"PropertyValueSpecification","valueRequired":true,"valueName":"search_term_string"}}],"inLanguage":"fr-BE"},{"@type":"Organization","@id":"https:\/\/bigv.be\/fr\/#organization","name":"B.I.G.V","alternateName":"Het Belgisch Instituut voor Geweldloos Verzet","url":"https:\/\/bigv.be\/fr\/","logo":{"@type":"ImageObject","inLanguage":"fr-BE","@id":"https:\/\/bigv.be\/fr\/#\/schema\/logo\/image\/","url":"https:\/\/bigv.be\/wp-content\/uploads\/2022\/09\/logo_bigv.png","contentUrl":"https:\/\/bigv.be\/wp-content\/uploads\/2022\/09\/logo_bigv.png","width":910,"height":538,"caption":"B.I.G.V"},"image":{"@id":"https:\/\/bigv.be\/fr\/#\/schema\/logo\/image\/"}}]}},"_links":{"self":[{"href":"https:\/\/bigv.be\/fr\/wp-json\/wp\/v2\/pages\/7921","targetHints":{"allow":["GET"]}}],"collection":[{"href":"https:\/\/bigv.be\/fr\/wp-json\/wp\/v2\/pages"}],"about":[{"href":"https:\/\/bigv.be\/fr\/wp-json\/wp\/v2\/types\/page"}],"author":[{"embeddable":true,"href":"https:\/\/bigv.be\/fr\/wp-json\/wp\/v2\/users\/1"}],"replies":[{"embeddable":true,"href":"https:\/\/bigv.be\/fr\/wp-json\/wp\/v2\/comments?post=7921"}],"version-history":[{"count":3,"href":"https:\/\/bigv.be\/fr\/wp-json\/wp\/v2\/pages\/7921\/revisions"}],"predecessor-version":[{"id":8310,"href":"https:\/\/bigv.be\/fr\/wp-json\/wp\/v2\/pages\/7921\/revisions\/8310"}],"wp:featuredmedia":[{"embeddable":true,"href":"https:\/\/bigv.be\/fr\/wp-json\/wp\/v2\/media\/7622"}],"wp:attachment":[{"href":"https:\/\/bigv.be\/fr\/wp-json\/wp\/v2\/media?parent=7921"}],"curies":[{"name":"wp","href":"https:\/\/api.w.org\/{rel}","templated":true}]}}