{"id":7904,"date":"2019-03-11T06:29:32","date_gmt":"2019-03-11T04:29:32","guid":{"rendered":"https:\/\/bigv.be\/?page_id=7904"},"modified":"2022-11-16T18:12:42","modified_gmt":"2022-11-16T16:12:42","slug":"contact","status":"publish","type":"page","link":"https:\/\/bigv.be\/fr\/contact\/","title":{"rendered":"Contact"},"content":{"rendered":"\t\t<div data-elementor-type=\"wp-post\" data-elementor-id=\"7904\" class=\"elementor elementor-7904 elementor-156\" data-elementor-post-type=\"page\">\n\t\t\t\t\t\t<section class=\"elementor-section elementor-top-section elementor-element elementor-element-7351360 elementor-section-boxed elementor-section-height-default elementor-section-height-default\" data-id=\"7351360\" data-element_type=\"section\" data-settings=\"{&quot;background_background&quot;:&quot;classic&quot;}\">\n\t\t\t\t\t\t\t<div class=\"elementor-background-overlay\"><\/div>\n\t\t\t\t\t\t\t<div class=\"elementor-container elementor-column-gap-default\">\n\t\t\t\t\t<div class=\"elementor-column elementor-col-100 elementor-top-column elementor-element elementor-element-fc90697\" data-id=\"fc90697\" data-element_type=\"column\">\n\t\t\t<div class=\"elementor-widget-wrap elementor-element-populated\">\n\t\t\t\t\t\t<div class=\"elementor-element elementor-element-ac67a84 elementor-align-center elementor-widget elementor-widget-breadcrumbs\" data-id=\"ac67a84\" data-element_type=\"widget\" data-widget_type=\"breadcrumbs.default\">\n\t\t\t\t<div class=\"elementor-widget-container\">\n\t\t\t<p id=\"breadcrumbs\"><span><span><a href=\"https:\/\/bigv.be\/fr\/\">Home<\/a><\/span><\/span><\/p>\t\t<\/div>\n\t\t\t\t<\/div>\n\t\t\t\t<div class=\"elementor-element elementor-element-0ecf44b elementor-widget elementor-widget-heading\" data-id=\"0ecf44b\" data-element_type=\"widget\" data-widget_type=\"heading.default\">\n\t\t\t\t<div class=\"elementor-widget-container\">\n\t\t\t<h2 class=\"elementor-heading-title elementor-size-xl elementor-heading-title elementor-size-xl elementor-align-after-center\"><span data-bottom-top=\"@class:noactive\" data--100-bottom=\"@class:active\">Contact<\/span><\/h2>\t\t<\/div>\n\t\t\t\t<\/div>\n\t\t\t\t\t<\/div>\n\t\t<\/div>\n\t\t\t\t\t<\/div>\n\t\t<\/section>\n\t\t\t\t<section class=\"elementor-section elementor-top-section elementor-element elementor-element-82b47fd elementor-section-boxed elementor-section-height-default elementor-section-height-default\" data-id=\"82b47fd\" data-element_type=\"section\" data-settings=\"{&quot;background_background&quot;:&quot;classic&quot;}\">\n\t\t\t\t\t\t<div class=\"elementor-container elementor-column-gap-default\">\n\t\t\t\t\t<div class=\"elementor-column elementor-col-50 elementor-top-column elementor-element elementor-element-e57ee6a\" data-id=\"e57ee6a\" data-element_type=\"column\" data-settings=\"{&quot;background_background&quot;:&quot;classic&quot;}\">\n\t\t\t<div class=\"elementor-widget-wrap elementor-element-populated\">\n\t\t\t\t\t<div class=\"elementor-background-overlay\"><\/div>\n\t\t\t\t\t\t<div class=\"elementor-element elementor-element-026178c elementor-widget elementor-widget-heading\" data-id=\"026178c\" data-element_type=\"widget\" data-widget_type=\"heading.default\">\n\t\t\t\t<div class=\"elementor-widget-container\">\n\t\t\t<h2 class=\"elementor-heading-title elementor-size-default elementor-heading-title elementor-align-after-right\"><span data-bottom-top=\"@class:noactive\" data--100-bottom=\"@class:active\"><b>Contactez-nous <\/b>pour toutes vos questions<\/span><\/h2>\t\t<\/div>\n\t\t\t\t<\/div>\n\t\t\t\t<div class=\"elementor-element elementor-element-8bb878d elementor-widget elementor-widget-text-editor\" data-id=\"8bb878d\" data-element_type=\"widget\" data-widget_type=\"text-editor.default\">\n\t\t\t\t<div class=\"elementor-widget-container\">\n\t\t\t\t\t\t\t<p class=\"p1\">BIGV vzw<\/p><p class=\"p1\"><strong>Si\u00e8ge social:<\/strong><br \/>Sainctelettesquare 17<br \/>1000 Brussel<\/p><p class=\"p1\"><strong>Adresse \u00e9lectronique:<\/strong><br \/>info@bigv.be<\/p><p><strong>Num\u00e9ro d&#8217;entreprise<\/strong>:<br \/>BE05 0175 4175<\/p>\t\t\t\t\t\t<\/div>\n\t\t\t\t<\/div>\n\t\t\t\t\t<\/div>\n\t\t<\/div>\n\t\t\t\t<div class=\"elementor-column elementor-col-50 elementor-top-column elementor-element elementor-element-4ef07b8\" data-id=\"4ef07b8\" data-element_type=\"column\">\n\t\t\t<div class=\"elementor-widget-wrap elementor-element-populated\">\n\t\t\t\t\t\t<div class=\"elementor-element elementor-element-a89d3cd elementor-invisible elementor-widget elementor-widget-shortcode\" data-id=\"a89d3cd\" data-element_type=\"widget\" data-settings=\"{&quot;_animation&quot;:&quot;fadeIn&quot;}\" data-widget_type=\"shortcode.default\">\n\t\t\t\t<div class=\"elementor-widget-container\">\n\t\t\t\t\t<div class=\"elementor-shortcode\"><div class=\"wpforms-container \" id=\"wpforms-8200\"><form id=\"wpforms-form-8200\" class=\"wpforms-validate wpforms-form\" data-formid=\"8200\" method=\"post\" enctype=\"multipart\/form-data\" action=\"\/fr\/wp-json\/wp\/v2\/pages\/7904\" data-token=\"88148c316ef064a56c8982b139e350c6\" data-token-time=\"1776043693\"><noscript class=\"wpforms-error-noscript\">Veuillez activer JavaScript dans votre navigateur pour remplir ce formulaire.<\/noscript><div class=\"wpforms-field-container\"><div id=\"wpforms-8200-field_0-container\" class=\"wpforms-field wpforms-field-name\" data-field-id=\"0\"><label class=\"wpforms-field-label\" for=\"wpforms-8200-field_0\">Nom <span class=\"wpforms-required-label\">*<\/span><\/label><input type=\"text\" id=\"wpforms-8200-field_0\" class=\"wpforms-field-large wpforms-field-required\" name=\"wpforms[fields][0]\" placeholder=\"Veuillez saisir votre nom et votre pr\u00e9nom\" required><\/div><div id=\"wpforms-8200-field_6-container\" class=\"wpforms-field wpforms-field-text\" data-field-id=\"6\"><label class=\"wpforms-field-label\" for=\"wpforms-8200-field_6\">Organisation <span class=\"wpforms-required-label\">*<\/span><\/label><input type=\"text\" id=\"wpforms-8200-field_6\" class=\"wpforms-field-large wpforms-field-required\" name=\"wpforms[fields][6]\" placeholder=\"Entrez votre organisation ici\" required><\/div><div id=\"wpforms-8200-field_1-container\" class=\"wpforms-field wpforms-field-email\" data-field-id=\"1\"><label class=\"wpforms-field-label\" for=\"wpforms-8200-field_1\">Adresse \u00e9lectronique <span class=\"wpforms-required-label\">*<\/span><\/label><input type=\"email\" id=\"wpforms-8200-field_1\" class=\"wpforms-field-large wpforms-field-required\" name=\"wpforms[fields][1]\" placeholder=\"Entrez votre adresse e-mail ici\" spellcheck=\"false\" required><\/div><div id=\"wpforms-8200-field_3-container\" class=\"wpforms-field wpforms-field-phone\" data-field-id=\"3\"><label class=\"wpforms-field-label\" for=\"wpforms-8200-field_3\">Num\u00e9ro de t\u00e9l\u00e9phone<\/label><input type=\"tel\" id=\"wpforms-8200-field_3\" class=\"wpforms-field-large\" data-rule-int-phone-field=\"true\" name=\"wpforms[fields][3]\" placeholder=\"Entrez votre num\u00e9ro de t\u00e9l\u00e9phone ici\" aria-label=\"Num\u00e9ro de t\u00e9l\u00e9phone\" ><\/div><div id=\"wpforms-8200-field_2-container\" class=\"wpforms-field wpforms-field-textarea\" data-field-id=\"2\"><label class=\"wpforms-field-label\" for=\"wpforms-8200-field_2\">Votre message <span class=\"wpforms-required-label\">*<\/span><\/label><textarea id=\"wpforms-8200-field_2\" class=\"wpforms-field-medium wpforms-field-required\" name=\"wpforms[fields][2]\" required><\/textarea><\/div><div id=\"wpforms-8200-field_7-container\" class=\"wpforms-field wpforms-field-gdpr-checkbox\" data-field-id=\"7\"><ul id=\"wpforms-8200-field_7\" class=\"wpforms-field-required\"><li class=\"choice-1\"><input type=\"checkbox\" id=\"wpforms-8200-field_7_1\" name=\"wpforms[fields][7][]\" value=\"Je consens \u00e0 ce que ce site stocke les informations que j&#039;ai fournies afin qu&#039;il puisse r\u00e9pondre \u00e0 ma demande.\" required ><label class=\"wpforms-field-label-inline\" for=\"wpforms-8200-field_7_1\">Je consens \u00e0 ce que ce site stocke les informations que j'ai fournies afin qu'il puisse r\u00e9pondre \u00e0 ma demande.<\/label><\/li><\/ul><div class=\"wpforms-field-description\">Nous respectons votre vie <a href=\"https:\/\/bigv.be\/nl\/privacy-policy\/\">priv\u00e9e<\/a>. Vos donn\u00e9es seront toujours trait\u00e9es de mani\u00e8re confidentielle.<\/div><\/div><\/div><!-- .wpforms-field-container --><div class=\"wpforms-field wpforms-field-hp\"><label for=\"wpforms-8200-field-hp\" class=\"wpforms-field-label\">Message<\/label><input type=\"text\" name=\"wpforms[hp]\" id=\"wpforms-8200-field-hp\" class=\"wpforms-field-medium\"><\/div><div class=\"wpforms-recaptcha-container wpforms-is-recaptcha wpforms-is-recaptcha-type-v3\" ><input type=\"hidden\" name=\"wpforms[recaptcha]\" value=\"\"><\/div><div class=\"wpforms-submit-container\" ><input type=\"hidden\" name=\"wpforms[id]\" value=\"8200\"><input type=\"hidden\" name=\"page_title\" value=\"\"><input type=\"hidden\" name=\"page_url\" value=\"https:\/\/bigv.be\/fr\/wp-json\/wp\/v2\/pages\/7904\"><input type=\"hidden\" name=\"url_referer\" value=\"\"><button type=\"submit\" name=\"wpforms[submit]\" id=\"wpforms-submit-8200\" class=\"wpforms-submit\" data-alt-text=\"Envoyer...\" data-submit-text=\"Envoyer le message\" aria-live=\"assertive\" value=\"wpforms-submit\">Envoyer le message<\/button><\/div><\/form><\/div>  <!-- .wpforms-container --><\/div>\n\t\t\t\t<\/div>\n\t\t\t\t<\/div>\n\t\t\t\t\t<\/div>\n\t\t<\/div>\n\t\t\t\t\t<\/div>\n\t\t<\/section>\n\t\t\t\t<\/div>\n\t\t","protected":false},"excerpt":{"rendered":"<p>Contact Contactez-nous pour toutes vos questions BIGV vzw Si\u00e8ge social:Sainctelettesquare 171000 Brussel Adresse \u00e9lectronique:info@bigv.be Num\u00e9ro d&#8217;entreprise:BE05 0175 4175<\/p>\n","protected":false},"author":1,"featured_media":7622,"parent":0,"menu_order":0,"comment_status":"closed","ping_status":"closed","template":"elementor_header_footer","meta":{"_acf_changed":false,"inline_featured_image":false,"footnotes":""},"class_list":["post-7904","page","type-page","status-publish","has-post-thumbnail","hentry"],"acf":[],"yoast_head":"<!-- This site is optimized with the Yoast SEO plugin v27.0 - https:\/\/yoast.com\/product\/yoast-seo-wordpress\/ -->\n<title>Contact - B.I.G.V.<\/title>\n<meta name=\"robots\" content=\"index, follow, max-snippet:-1, max-image-preview:large, max-video-preview:-1\" \/>\n<link rel=\"canonical\" href=\"https:\/\/bigv.be\/fr\/contact\/\" \/>\n<meta property=\"og:locale\" content=\"fr_FR\" \/>\n<meta property=\"og:type\" content=\"article\" \/>\n<meta property=\"og:title\" content=\"Contact - B.I.G.V.\" \/>\n<meta property=\"og:description\" content=\"Contact Contactez-nous pour toutes vos questions BIGV vzw Si\u00e8ge social:Sainctelettesquare 171000 Brussel Adresse \u00e9lectronique:info@bigv.be Num\u00e9ro d&#8217;entreprise:BE05 0175 4175\" \/>\n<meta property=\"og:url\" content=\"https:\/\/bigv.be\/fr\/contact\/\" \/>\n<meta property=\"og:site_name\" content=\"B.I.G.V.\" \/>\n<meta property=\"article:modified_time\" content=\"2022-11-16T16:12:42+00:00\" \/>\n<meta property=\"og:image\" content=\"https:\/\/bigv.be\/wp-content\/uploads\/2019\/02\/photo-1470110385011-8c66cb46f0e9-1.jpeg\" \/>\n\t<meta property=\"og:image:width\" content=\"1350\" \/>\n\t<meta property=\"og:image:height\" content=\"900\" \/>\n\t<meta property=\"og:image:type\" content=\"image\/jpeg\" \/>\n<meta name=\"twitter:card\" content=\"summary_large_image\" \/>\n<meta name=\"twitter:label1\" content=\"Dur\u00e9e de lecture est.\" \/>\n\t<meta name=\"twitter:data1\" content=\"1 minute\" \/>\n<script type=\"application\/ld+json\" class=\"yoast-schema-graph\">{\"@context\":\"https:\/\/schema.org\",\"@graph\":[{\"@type\":\"WebPage\",\"@id\":\"https:\/\/bigv.be\/fr\/contact\/\",\"url\":\"https:\/\/bigv.be\/fr\/contact\/\",\"name\":\"Contact - B.I.G.V.\",\"isPartOf\":{\"@id\":\"https:\/\/bigv.be\/fr\/#website\"},\"primaryImageOfPage\":{\"@id\":\"https:\/\/bigv.be\/fr\/contact\/#primaryimage\"},\"image\":{\"@id\":\"https:\/\/bigv.be\/fr\/contact\/#primaryimage\"},\"thumbnailUrl\":\"https:\/\/bigv.be\/wp-content\/uploads\/2019\/02\/photo-1470110385011-8c66cb46f0e9-1.jpeg\",\"datePublished\":\"2019-03-11T04:29:32+00:00\",\"dateModified\":\"2022-11-16T16:12:42+00:00\",\"breadcrumb\":{\"@id\":\"https:\/\/bigv.be\/fr\/contact\/#breadcrumb\"},\"inLanguage\":\"fr-BE\",\"potentialAction\":[{\"@type\":\"ReadAction\",\"target\":[\"https:\/\/bigv.be\/fr\/contact\/\"]}]},{\"@type\":\"ImageObject\",\"inLanguage\":\"fr-BE\",\"@id\":\"https:\/\/bigv.be\/fr\/contact\/#primaryimage\",\"url\":\"https:\/\/bigv.be\/wp-content\/uploads\/2019\/02\/photo-1470110385011-8c66cb46f0e9-1.jpeg\",\"contentUrl\":\"https:\/\/bigv.be\/wp-content\/uploads\/2019\/02\/photo-1470110385011-8c66cb46f0e9-1.jpeg\",\"width\":1350,\"height\":900,\"caption\":\"\"},{\"@type\":\"BreadcrumbList\",\"@id\":\"https:\/\/bigv.be\/fr\/contact\/#breadcrumb\",\"itemListElement\":[{\"@type\":\"ListItem\",\"position\":1,\"name\":\"Home\",\"item\":\"https:\/\/bigv.be\/fr\/\"},{\"@type\":\"ListItem\",\"position\":2,\"name\":\"Contact\"}]},{\"@type\":\"WebSite\",\"@id\":\"https:\/\/bigv.be\/fr\/#website\",\"url\":\"https:\/\/bigv.be\/fr\/\",\"name\":\"B.I.G.V\",\"description\":\"Belgisch Instituut Geweldloos Verzet\",\"publisher\":{\"@id\":\"https:\/\/bigv.be\/fr\/#organization\"},\"alternateName\":\"Het Belgisch Instituut voor Geweldloos Verzet\",\"potentialAction\":[{\"@type\":\"SearchAction\",\"target\":{\"@type\":\"EntryPoint\",\"urlTemplate\":\"https:\/\/bigv.be\/fr\/?s={search_term_string}\"},\"query-input\":{\"@type\":\"PropertyValueSpecification\",\"valueRequired\":true,\"valueName\":\"search_term_string\"}}],\"inLanguage\":\"fr-BE\"},{\"@type\":\"Organization\",\"@id\":\"https:\/\/bigv.be\/fr\/#organization\",\"name\":\"B.I.G.V\",\"alternateName\":\"Het Belgisch Instituut voor Geweldloos Verzet\",\"url\":\"https:\/\/bigv.be\/fr\/\",\"logo\":{\"@type\":\"ImageObject\",\"inLanguage\":\"fr-BE\",\"@id\":\"https:\/\/bigv.be\/fr\/#\/schema\/logo\/image\/\",\"url\":\"https:\/\/bigv.be\/wp-content\/uploads\/2022\/09\/logo_bigv.png\",\"contentUrl\":\"https:\/\/bigv.be\/wp-content\/uploads\/2022\/09\/logo_bigv.png\",\"width\":910,\"height\":538,\"caption\":\"B.I.G.V\"},\"image\":{\"@id\":\"https:\/\/bigv.be\/fr\/#\/schema\/logo\/image\/\"}}]}<\/script>\n<!-- \/ Yoast SEO plugin. -->","yoast_head_json":{"title":"Contact - B.I.G.V.","robots":{"index":"index","follow":"follow","max-snippet":"max-snippet:-1","max-image-preview":"max-image-preview:large","max-video-preview":"max-video-preview:-1"},"canonical":"https:\/\/bigv.be\/fr\/contact\/","og_locale":"fr_FR","og_type":"article","og_title":"Contact - B.I.G.V.","og_description":"Contact Contactez-nous pour toutes vos questions BIGV vzw Si\u00e8ge social:Sainctelettesquare 171000 Brussel Adresse \u00e9lectronique:info@bigv.be Num\u00e9ro d&#8217;entreprise:BE05 0175 4175","og_url":"https:\/\/bigv.be\/fr\/contact\/","og_site_name":"B.I.G.V.","article_modified_time":"2022-11-16T16:12:42+00:00","og_image":[{"width":1350,"height":900,"url":"https:\/\/bigv.be\/wp-content\/uploads\/2019\/02\/photo-1470110385011-8c66cb46f0e9-1.jpeg","type":"image\/jpeg"}],"twitter_card":"summary_large_image","twitter_misc":{"Dur\u00e9e de lecture est.":"1 minute"},"schema":{"@context":"https:\/\/schema.org","@graph":[{"@type":"WebPage","@id":"https:\/\/bigv.be\/fr\/contact\/","url":"https:\/\/bigv.be\/fr\/contact\/","name":"Contact - B.I.G.V.","isPartOf":{"@id":"https:\/\/bigv.be\/fr\/#website"},"primaryImageOfPage":{"@id":"https:\/\/bigv.be\/fr\/contact\/#primaryimage"},"image":{"@id":"https:\/\/bigv.be\/fr\/contact\/#primaryimage"},"thumbnailUrl":"https:\/\/bigv.be\/wp-content\/uploads\/2019\/02\/photo-1470110385011-8c66cb46f0e9-1.jpeg","datePublished":"2019-03-11T04:29:32+00:00","dateModified":"2022-11-16T16:12:42+00:00","breadcrumb":{"@id":"https:\/\/bigv.be\/fr\/contact\/#breadcrumb"},"inLanguage":"fr-BE","potentialAction":[{"@type":"ReadAction","target":["https:\/\/bigv.be\/fr\/contact\/"]}]},{"@type":"ImageObject","inLanguage":"fr-BE","@id":"https:\/\/bigv.be\/fr\/contact\/#primaryimage","url":"https:\/\/bigv.be\/wp-content\/uploads\/2019\/02\/photo-1470110385011-8c66cb46f0e9-1.jpeg","contentUrl":"https:\/\/bigv.be\/wp-content\/uploads\/2019\/02\/photo-1470110385011-8c66cb46f0e9-1.jpeg","width":1350,"height":900,"caption":""},{"@type":"BreadcrumbList","@id":"https:\/\/bigv.be\/fr\/contact\/#breadcrumb","itemListElement":[{"@type":"ListItem","position":1,"name":"Home","item":"https:\/\/bigv.be\/fr\/"},{"@type":"ListItem","position":2,"name":"Contact"}]},{"@type":"WebSite","@id":"https:\/\/bigv.be\/fr\/#website","url":"https:\/\/bigv.be\/fr\/","name":"B.I.G.V","description":"Belgisch Instituut Geweldloos Verzet","publisher":{"@id":"https:\/\/bigv.be\/fr\/#organization"},"alternateName":"Het Belgisch Instituut voor Geweldloos Verzet","potentialAction":[{"@type":"SearchAction","target":{"@type":"EntryPoint","urlTemplate":"https:\/\/bigv.be\/fr\/?s={search_term_string}"},"query-input":{"@type":"PropertyValueSpecification","valueRequired":true,"valueName":"search_term_string"}}],"inLanguage":"fr-BE"},{"@type":"Organization","@id":"https:\/\/bigv.be\/fr\/#organization","name":"B.I.G.V","alternateName":"Het Belgisch Instituut voor Geweldloos Verzet","url":"https:\/\/bigv.be\/fr\/","logo":{"@type":"ImageObject","inLanguage":"fr-BE","@id":"https:\/\/bigv.be\/fr\/#\/schema\/logo\/image\/","url":"https:\/\/bigv.be\/wp-content\/uploads\/2022\/09\/logo_bigv.png","contentUrl":"https:\/\/bigv.be\/wp-content\/uploads\/2022\/09\/logo_bigv.png","width":910,"height":538,"caption":"B.I.G.V"},"image":{"@id":"https:\/\/bigv.be\/fr\/#\/schema\/logo\/image\/"}}]}},"_links":{"self":[{"href":"https:\/\/bigv.be\/fr\/wp-json\/wp\/v2\/pages\/7904","targetHints":{"allow":["GET"]}}],"collection":[{"href":"https:\/\/bigv.be\/fr\/wp-json\/wp\/v2\/pages"}],"about":[{"href":"https:\/\/bigv.be\/fr\/wp-json\/wp\/v2\/types\/page"}],"author":[{"embeddable":true,"href":"https:\/\/bigv.be\/fr\/wp-json\/wp\/v2\/users\/1"}],"replies":[{"embeddable":true,"href":"https:\/\/bigv.be\/fr\/wp-json\/wp\/v2\/comments?post=7904"}],"version-history":[{"count":0,"href":"https:\/\/bigv.be\/fr\/wp-json\/wp\/v2\/pages\/7904\/revisions"}],"wp:featuredmedia":[{"embeddable":true,"href":"https:\/\/bigv.be\/fr\/wp-json\/wp\/v2\/media\/7622"}],"wp:attachment":[{"href":"https:\/\/bigv.be\/fr\/wp-json\/wp\/v2\/media?parent=7904"}],"curies":[{"name":"wp","href":"https:\/\/api.w.org\/{rel}","templated":true}]}}